{"id":42985,"date":"2023-01-14T15:46:21","date_gmt":"2023-01-14T14:46:21","guid":{"rendered":"https:\/\/yrskincare.com\/customer-support\/"},"modified":"2023-01-14T15:46:21","modified_gmt":"2023-01-14T14:46:21","slug":"customer-support","status":"publish","type":"page","link":"https:\/\/yrskincare.com\/en\/customer-support\/","title":{"rendered":"Customer support"},"content":{"rendered":"<section class=\"wpb-content-wrapper\">[vc_row content_placement=&#8221;middle&#8221; no_padding=&#8221;yes&#8221; css=&#8221;.vc_custom_1614329911812{margin-bottom: 15px !important;padding-top: 18% !important;padding-bottom: 18% !important;padding-left: 5% !important;background-image: url(https:\/\/yrskincare.com\/app\/uploads\/2021\/02\/baner.png?id=41506) !important;background-position: center !important;background-repeat: no-repeat !important;background-size: cover !important;}&#8221; el_class=&#8221;yr-banner-bg&#8221;][vc_column][\/vc_column][\/vc_row][vc_row gap=&#8221;30&#8243; css=&#8221;.vc_custom_1570783260899{padding-top: 10px !important;padding-bottom: 10px !important;}&#8221;][vc_column][vc_row_inner][vc_column_inner][vc_column_text]\n<h1>Customer support<\/h1>\n[\/vc_column_text][\/vc_column_inner][\/vc_row_inner][vc_row_inner][vc_column_inner]<div class=\"porto-faqs porto-faqspu9i wpb_content_element \">\r\n\t<div class=\"page-faqs clearfix wpb_custom_7fe7ddf8f1a240d6488c8a8c41279112\" id=\"porto_faqs_o1j6\">\r\n\r\n\t\t\r\n\t\t\r\n\t\t<div class=\"faq-row faqs-container\">\r\n\t\t\t\r\n<div class=\"faq produkter post-17136 type-faq status-publish hentry faq_cat-produkter\">\r\n\t<section class=\"toggle\">\r\n\t\t<label>Varf\u00f6r har ni inte produkterna paketerade i burk?<\/label>\r\n\t\t<div class=\"toggle-content\">\r\n\t\t<h3 class=\"entry-title\" style=\"display: none;\">Varf\u00f6r har ni inte produkterna paketerade i burk?<\/h3><span class=\"vcard\" style=\"display: none;\"><span class=\"fn\"><a href=\"https:\/\/yrskincare.com\/en\/author\/admindigitalera-se\/\" title=\"Posts by Per Lind Forsberg\" rel=\"author\">Per Lind Forsberg<\/a><\/span><\/span><span class=\"updated\" style=\"display:none\">2019-11-27T16:31:09+01:00<\/span>Vi har sedan mer \u00e4n 25\u00e5r tillbaka bara anv\u00e4nt tub eller pumpform n\u00e4r vi paketerar ingredienserna i produkterna. N\u00e4r kr\u00e4men ligger i burk exponeras den ofta och mycket f\u00f6r bakterier i luften, och n\u00e4r du m\u00e5ste anv\u00e4nda fingrar eller annat f\u00f6r att f\u00e5 upp kr\u00e4men samlas det mer bakterier. De inneb\u00e4r att man m\u00e5ste ha mycket mer konserveringsmedel \u00e4n vad man beh\u00f6ver. D\u00e4rav v\u00e4ljer vi tub eller pump i valet av paketeringen.\t\t<\/div>\r\n\t<\/section>\r\n<\/div>\r\n\r\n<div class=\"faq produkter post-17144 type-faq status-publish hentry faq_cat-produkter\">\r\n\t<section class=\"toggle\">\r\n\t\t<label>Vad menas med terapeutisk dos?<\/label>\r\n\t\t<div class=\"toggle-content\">\r\n\t\t<h3 class=\"entry-title\" style=\"display: none;\">Vad menas med terapeutisk dos?<\/h3><span class=\"vcard\" style=\"display: none;\"><span class=\"fn\"><a href=\"https:\/\/yrskincare.com\/en\/author\/admindigitalera-se\/\" title=\"Posts by Per Lind Forsberg\" rel=\"author\">Per Lind Forsberg<\/a><\/span><\/span><span class=\"updated\" style=\"display:none\">2019-11-27T16:31:49+01:00<\/span>Det \u00e4r den dos av ett aktivt \u00e4mne som kr\u00e4vs f\u00f6r att den ska ge effekt. Tyv\u00e4rr finns det ingen lag som s\u00e4ger att produkten m\u00e5ste inneh\u00e5lla en viss dos f\u00f6r att man ska f\u00e5 marknadsf\u00f6ra det. Det g\u00f6r att m\u00e5nga fuskar med doseringen och kunden blir lurad. N\u00e4r vi s\u00e4ger att v\u00e5ra produkter inneh\u00e5ller aktiva \u00e4mnen s\u00e5 anv\u00e4nder vi naturligtvis den m\u00e4ngd av \u00e4mnet som forskningen s\u00e4ger kr\u00e4vs f\u00f6r att f\u00e5 effekt. V\u00e5ra produkter inneh\u00e5ller alltid rekommenderad terapeutisk dos.\t\t<\/div>\r\n\t<\/section>\r\n<\/div>\r\n\r\n<div class=\"faq produkter post-17145 type-faq status-publish hentry faq_cat-produkter\">\r\n\t<section class=\"toggle\">\r\n\t\t<label>Inneh\u00e5ller era produkter parabener?<\/label>\r\n\t\t<div class=\"toggle-content\">\r\n\t\t<h3 class=\"entry-title\" style=\"display: none;\">Inneh\u00e5ller era produkter parabener?<\/h3><span class=\"vcard\" style=\"display: none;\"><span class=\"fn\"><a href=\"https:\/\/yrskincare.com\/en\/author\/admindigitalera-se\/\" title=\"Posts by Per Lind Forsberg\" rel=\"author\">Per Lind Forsberg<\/a><\/span><\/span><span class=\"updated\" style=\"display:none\">2019-11-27T16:31:41+01:00<\/span>Nej, v\u00e5ra produkter inneh\u00e5ller inte parabener eller mineraloljor.\t\t<\/div>\r\n\t<\/section>\r\n<\/div>\r\n\r\n<div class=\"faq produkter post-18354 type-faq status-publish hentry faq_cat-produkter\">\r\n\t<section class=\"toggle\">\r\n\t\t<label>Varf\u00f6r konservering?<\/label>\r\n\t\t<div class=\"toggle-content\">\r\n\t\t<h3 class=\"entry-title\" style=\"display: none;\">Varf\u00f6r konservering?<\/h3><span class=\"vcard\" style=\"display: none;\"><span class=\"fn\"><a href=\"https:\/\/yrskincare.com\/en\/author\/admindigitalera-se\/\" title=\"Posts by Per Lind Forsberg\" rel=\"author\">Per Lind Forsberg<\/a><\/span><\/span><span class=\"updated\" style=\"display:none\">2019-11-27T16:31:21+01:00<\/span>Alla produkter som tillverkas m\u00e5ste ha en viss m\u00e4ngd konservering f\u00f6r att produkter inte ska m\u00f6gla, h\u00e4rskna eller bli tillv\u00e4xt av bakterier. Det \u00e4r inte nyttigt f\u00f6r huden om du sm\u00f6rjer in din hud med en m\u00f6glig kr\u00e4m, det kan skapa problem f\u00f6r huden i form av utslag eller du kan f\u00e5 en allergisk reaktion. Vi anv\u00e4nder oss av utvecklade nya moderna konserveringar (t.ex. E-vitamin).\t\t<\/div>\r\n\t<\/section>\r\n<\/div>\r\n\t\t<\/div>\r\n\r\n\t\t\r\n\t<\/div>\r\n\r\n\t\t\t<div class=\"push-top m-b-xxl text-center\">\r\n\t\t\t<a class=\"btn btn-primary\" href=\"https:\/\/yrskincare.com\/en\/faq\/\">View More<\/a>\r\n\t\t<\/div>\r\n\t\r\n\t<\/div>[\/vc_column_inner][\/vc_row_inner][\/vc_column][\/vc_row][vc_row gap=&#8221;30&#8243; css=&#8221;.vc_custom_1570783277986{padding-top: 10px !important;padding-bottom: 35px !important;}&#8221;][vc_column width=&#8221;1\/2&#8243;][vc_column_text]\n<h3>Contact us<\/h3>\n<p>Feel free to contact us if you have questions or concerns about our products or if you need help ordering in the webshop.<\/p>\n<h4>Reseller<\/h4>\n<p>Send your order by e-mail to: <a href=\"mailto:order@yrskincare.com\">order@yrskincare.com<\/a><\/p>\n<p>&nbsp;<\/p>\n<p><strong>Yvonne Ryding Cosmetics AB<\/strong><br \/>\nOrg.nr: 556901-9093<br \/>\nAnneberg<br \/>\n648 31 H\u00e4lleforsn\u00e4s<\/p>\n<p><a href=\"mailto:info@yrskincare.com\">info@yrskincare.com<\/a>[\/vc_column_text][\/vc_column][vc_column width=&#8221;1\/2&#8243; css=&#8221;.vc_custom_1570777036048{padding: 30px !important;background-color: #f9f9f9 !important;}&#8221;]<script type=\"text\/javascript\">var gform;gform||(document.addEventListener(\"gform_main_scripts_loaded\",function(){gform.scriptsLoaded=!0}),window.addEventListener(\"DOMContentLoaded\",function(){gform.domLoaded=!0}),gform={domLoaded:!1,scriptsLoaded:!1,initializeOnLoaded:function(o){gform.domLoaded&&gform.scriptsLoaded?o():!gform.domLoaded&&gform.scriptsLoaded?window.addEventListener(\"DOMContentLoaded\",o):document.addEventListener(\"gform_main_scripts_loaded\",o)},hooks:{action:{},filter:{}},addAction:function(o,n,r,t){gform.addHook(\"action\",o,n,r,t)},addFilter:function(o,n,r,t){gform.addHook(\"filter\",o,n,r,t)},doAction:function(o){gform.doHook(\"action\",o,arguments)},applyFilters:function(o){return gform.doHook(\"filter\",o,arguments)},removeAction:function(o,n){gform.removeHook(\"action\",o,n)},removeFilter:function(o,n,r){gform.removeHook(\"filter\",o,n,r)},addHook:function(o,n,r,t,i){null==gform.hooks[o][n]&&(gform.hooks[o][n]=[]);var e=gform.hooks[o][n];null==i&&(i=n+\"_\"+e.length),gform.hooks[o][n].push({tag:i,callable:r,priority:t=null==t?10:t})},doHook:function(n,o,r){var t;if(r=Array.prototype.slice.call(r,1),null!=gform.hooks[n][o]&&((o=gform.hooks[n][o]).sort(function(o,n){return o.priority-n.priority}),o.forEach(function(o){\"function\"!=typeof(t=o.callable)&&(t=window[t]),\"action\"==n?t.apply(null,r):r[0]=t.apply(null,r)})),\"filter\"==n)return r[0]},removeHook:function(o,n,t,i){var r;null!=gform.hooks[o][n]&&(r=(r=gform.hooks[o][n]).filter(function(o,n,r){return!!(null!=i&&i!=o.tag||null!=t&&t!=o.priority)}),gform.hooks[o][n]=r)}});<\/script>\n                <div class='gf_browser_gecko gform_wrapper gform_legacy_markup_wrapper gform-theme--no-framework' data-form-theme='legacy' data-form-index='0' id='gform_wrapper_2' ><div id='gf_2' class='gform_anchor' tabindex='-1'><\/div><form method='post' enctype='multipart\/form-data' target='gform_ajax_frame_2' id='gform_2'  action='\/en\/wp-json\/wp\/v2\/pages\/42985#gf_2' data-formid='2' novalidate>\n                        <div class='gform-body gform_body'><ul id='gform_fields_2' class='gform_fields top_label form_sublabel_below description_above validation_below'><li id=\"field_2_1\" class=\"gfield gfield--type-name gfield_contains_required field_sublabel_below gfield--no-description field_description_above field_validation_below gfield_visibility_visible\"  data-js-reload=\"field_2_1\" ><label class='gfield_label gform-field-label gfield_label_before_complex' >Namn<span class=\"gfield_required\"><span class=\"gfield_required gfield_required_asterisk\">*<\/span><\/span><\/label><div class='ginput_complex ginput_container ginput_container--name no_prefix has_first_name no_middle_name has_last_name no_suffix gf_name_has_2 ginput_container_name gform-grid-row' id='input_2_1'>\n                            \n                            <span id='input_2_1_3_container' class='name_first gform-grid-col gform-grid-col--size-auto' >\n                                                    <input type='text' name='input_1.3' id='input_2_1_3' value=''   aria-required='true'     \/>\n                                                    <label for='input_2_1_3' class='gform-field-label gform-field-label--type-sub '>First<\/label>\n                                                <\/span>\n                            \n                            <span id='input_2_1_6_container' class='name_last gform-grid-col gform-grid-col--size-auto' >\n                                                    <input type='text' name='input_1.6' id='input_2_1_6' value=''   aria-required='true'     \/>\n                                                    <label for='input_2_1_6' class='gform-field-label gform-field-label--type-sub '>Last<\/label>\n                                                <\/span>\n                            \n                        <\/div><\/li><li id=\"field_2_2\" class=\"gfield gfield--type-email gfield_contains_required field_sublabel_below gfield--no-description field_description_above field_validation_below gfield_visibility_visible\"  data-js-reload=\"field_2_2\" ><label class='gfield_label gform-field-label' for='input_2_2'>E-post<span class=\"gfield_required\"><span class=\"gfield_required gfield_required_asterisk\">*<\/span><\/span><\/label><div class='ginput_container ginput_container_email'>\n                            <input name='input_2' id='input_2_2' type='email' value='' class='large'    aria-required=\"true\" aria-invalid=\"false\"  \/>\n                        <\/div><\/li><li id=\"field_2_5\" class=\"gfield gfield--type-text gfield_contains_required field_sublabel_below gfield--no-description field_description_above field_validation_below gfield_visibility_visible\"  data-js-reload=\"field_2_5\" ><label class='gfield_label gform-field-label' for='input_2_5'>\u00c4mne<span class=\"gfield_required\"><span class=\"gfield_required gfield_required_asterisk\">*<\/span><\/span><\/label><div class='ginput_container ginput_container_text'><input name='input_5' id='input_2_5' type='text' value='' class='large'     aria-required=\"true\" aria-invalid=\"false\"   \/> <\/div><\/li><li id=\"field_2_4\" class=\"gfield gfield--type-textarea gfield_contains_required field_sublabel_below gfield--no-description field_description_above field_validation_below gfield_visibility_visible\"  data-js-reload=\"field_2_4\" ><label class='gfield_label gform-field-label' for='input_2_4'>Meddelande<span class=\"gfield_required\"><span class=\"gfield_required gfield_required_asterisk\">*<\/span><\/span><\/label><div class='ginput_container ginput_container_textarea'><textarea name='input_4' id='input_2_4' class='textarea medium'     aria-required=\"true\" aria-invalid=\"false\"   rows='10' cols='50'><\/textarea><\/div><\/li><li id=\"field_2_6\" class=\"gfield gfield--type-honeypot gform_validation_container field_sublabel_below gfield--has-description field_description_above field_validation_below gfield_visibility_visible\"  data-js-reload=\"field_2_6\" ><label class='gfield_label gform-field-label' for='input_2_6'>Name<\/label><div class='gfield_description' id='gfield_description_2_6'>This field is for validation purposes and should be left unchanged.<\/div><div class='ginput_container'><input name='input_6' id='input_2_6' type='text' value='' autocomplete='new-password'\/><\/div><\/li><\/ul><\/div>\n        <div class='gform_footer top_label'> <input type='submit' id='gform_submit_button_2' class='gform_button button' value='Skicka'  onclick='if(window[\"gf_submitting_2\"]){return false;}  if( !jQuery(\"#gform_2\")[0].checkValidity || jQuery(\"#gform_2\")[0].checkValidity()){window[\"gf_submitting_2\"]=true;}  ' onkeypress='if( event.keyCode == 13 ){ if(window[\"gf_submitting_2\"]){return false;} if( !jQuery(\"#gform_2\")[0].checkValidity || jQuery(\"#gform_2\")[0].checkValidity()){window[\"gf_submitting_2\"]=true;}  jQuery(\"#gform_2\").trigger(\"submit\",[true]); }' \/> <input type='hidden' name='gform_ajax' value='form_id=2&amp;title=&amp;description=&amp;tabindex=0&amp;theme=legacy' \/>\n            <input type='hidden' class='gform_hidden' name='is_submit_2' value='1' \/>\n            <input type='hidden' class='gform_hidden' name='gform_submit' value='2' \/>\n            \n            <input type='hidden' class='gform_hidden' name='gform_unique_id' value='' \/>\n            <input type='hidden' class='gform_hidden' name='state_2' value='WyJbXSIsImRmMmI2M2VjOGUxY2E5YjRmMzBkMTdkNjNlNzM1NDkwIl0=' \/>\n            <input type='hidden' class='gform_hidden' name='gform_target_page_number_2' id='gform_target_page_number_2' value='0' \/>\n            <input type='hidden' class='gform_hidden' name='gform_source_page_number_2' id='gform_source_page_number_2' value='1' \/>\n            <input type='hidden' name='gform_field_values' value='' \/>\n            \n        <\/div>\n                        <\/form>\n                        <\/div>\n\t\t                <iframe style='display:none;width:0px;height:0px;' src='about:blank' name='gform_ajax_frame_2' id='gform_ajax_frame_2' title='This iframe contains the logic required to handle Ajax powered Gravity Forms.'><\/iframe>\n\t\t                <script>\ngform.initializeOnLoaded( function() {gformInitSpinner( 2, 'https:\/\/yrskincare.com\/app\/plugins\/gravityforms\/images\/spinner.svg', true );jQuery('#gform_ajax_frame_2').on('load',function(){var contents = jQuery(this).contents().find('*').html();var is_postback = contents.indexOf('GF_AJAX_POSTBACK') >= 0;if(!is_postback){return;}var form_content = jQuery(this).contents().find('#gform_wrapper_2');var is_confirmation = jQuery(this).contents().find('#gform_confirmation_wrapper_2').length > 0;var is_redirect = contents.indexOf('gformRedirect(){') >= 0;var is_form = form_content.length > 0 && ! is_redirect && ! is_confirmation;var mt = parseInt(jQuery('html').css('margin-top'), 10) + parseInt(jQuery('body').css('margin-top'), 10) + 100;if(is_form){jQuery('#gform_wrapper_2').html(form_content.html());if(form_content.hasClass('gform_validation_error')){jQuery('#gform_wrapper_2').addClass('gform_validation_error');} else {jQuery('#gform_wrapper_2').removeClass('gform_validation_error');}setTimeout( function() { \/* delay the scroll by 50 milliseconds to fix a bug in chrome *\/ jQuery(document).scrollTop(jQuery('#gform_wrapper_2').offset().top - mt); }, 50 );if(window['gformInitDatepicker']) {gformInitDatepicker();}if(window['gformInitPriceFields']) {gformInitPriceFields();}var current_page = jQuery('#gform_source_page_number_2').val();gformInitSpinner( 2, 'https:\/\/yrskincare.com\/app\/plugins\/gravityforms\/images\/spinner.svg', true );jQuery(document).trigger('gform_page_loaded', [2, current_page]);window['gf_submitting_2'] = false;}else if(!is_redirect){var confirmation_content = jQuery(this).contents().find('.GF_AJAX_POSTBACK').html();if(!confirmation_content){confirmation_content = contents;}jQuery('#gform_wrapper_2').replaceWith(confirmation_content);jQuery(document).scrollTop(jQuery('#gf_2').offset().top - mt);jQuery(document).trigger('gform_confirmation_loaded', [2]);window['gf_submitting_2'] = false;wp.a11y.speak(jQuery('#gform_confirmation_message_2').text());}else{jQuery('#gform_2').append(contents);if(window['gformRedirect']) {gformRedirect();}}jQuery(document).trigger(\"gform_pre_post_render\", [{ formId: \"2\", currentPage: \"current_page\", abort: function() { this.preventDefault(); } }]);                if (event && event.defaultPrevented) {                return;         }        const gformWrapperDiv = document.getElementById( \"gform_wrapper_2\" );        if ( gformWrapperDiv ) {            const visibilitySpan = document.createElement( \"span\" );            visibilitySpan.id = \"gform_visibility_test_2\";            gformWrapperDiv.insertAdjacentElement( \"afterend\", visibilitySpan );        }        const visibilityTestDiv = document.getElementById( \"gform_visibility_test_2\" );        let postRenderFired = false;                function triggerPostRender() {            if ( postRenderFired ) {                return;            }            postRenderFired = true;            jQuery( document ).trigger( 'gform_post_render', [2, current_page] );            gform.utils.trigger( { event: 'gform\/postRender', native: false, data: { formId: 2, currentPage: current_page } } );            if ( visibilityTestDiv ) {                visibilityTestDiv.parentNode.removeChild( visibilityTestDiv );            }        }        function debounce( func, wait, immediate ) {            var timeout;            return function() {                var context = this, args = arguments;                var later = function() {                    timeout = null;                    if ( !immediate ) func.apply( context, args );                };                var callNow = immediate && !timeout;                clearTimeout( timeout );                timeout = setTimeout( later, wait );                if ( callNow ) func.apply( context, args );            };        }        const debouncedTriggerPostRender = debounce( function() {            triggerPostRender();        }, 200 );        if ( visibilityTestDiv && visibilityTestDiv.offsetParent === null ) {            const observer = new MutationObserver( ( mutations ) => {                mutations.forEach( ( mutation ) => {                    if ( mutation.type === 'attributes' && visibilityTestDiv.offsetParent !== null ) {                        debouncedTriggerPostRender();                        observer.disconnect();                    }                });            });            observer.observe( document.body, {                attributes: true,                childList: false,                subtree: true,                attributeFilter: [ 'style', 'class' ],            });        } else {            triggerPostRender();        }    } );} );\n<\/script>\n[\/vc_column][\/vc_row]\n<\/section>","protected":false},"excerpt":{"rendered":"<p>[vc_row content_placement=&#8221;middle&#8221; no_padding=&#8221;yes&#8221; css=&#8221;.vc_custom_1614329911812{margin-bottom: 15px !important;padding-top: 18% !important;padding-bottom: 18% !important;padding-left: 5% !important;background-image: url(https:\/\/yrskincare.com\/app\/uploads\/2021\/02\/baner.png?id=41506) !important;background-position: center !important;background-repeat: no-repeat !important;background-size: cover !important;}&#8221; el_class=&#8221;yr-banner-bg&#8221;][vc_column][\/vc_column][\/vc_row][vc_row gap=&#8221;30&#8243; css=&#8221;.vc_custom_1570783260899{padding-top: 10px !important;padding-bottom: 10px !important;}&#8221;][vc_column][vc_row_inner][vc_column_inner][vc_column_text] Customer support [\/vc_column_text][\/vc_column_inner][\/vc_row_inner][vc_row_inner][vc_column_inner][\/vc_column_inner][\/vc_row_inner][\/vc_column][\/vc_row][vc_row gap=&#8221;30&#8243; css=&#8221;.vc_custom_1570783277986{padding-top: 10px !important;padding-bottom: 35px !important;}&#8221;][vc_column width=&#8221;1\/2&#8243;][vc_column_text] Contact us Feel free to contact us if you have questions or concerns about our products or if [&hellip;]<\/p>\n","protected":false},"author":1,"featured_media":0,"parent":0,"menu_order":0,"comment_status":"closed","ping_status":"closed","template":"","meta":{"_acf_changed":false,"footnotes":""},"acf":[],"_links":{"self":[{"href":"https:\/\/yrskincare.com\/en\/wp-json\/wp\/v2\/pages\/42985"}],"collection":[{"href":"https:\/\/yrskincare.com\/en\/wp-json\/wp\/v2\/pages"}],"about":[{"href":"https:\/\/yrskincare.com\/en\/wp-json\/wp\/v2\/types\/page"}],"author":[{"embeddable":true,"href":"https:\/\/yrskincare.com\/en\/wp-json\/wp\/v2\/users\/1"}],"replies":[{"embeddable":true,"href":"https:\/\/yrskincare.com\/en\/wp-json\/wp\/v2\/comments?post=42985"}],"version-history":[{"count":2,"href":"https:\/\/yrskincare.com\/en\/wp-json\/wp\/v2\/pages\/42985\/revisions"}],"predecessor-version":[{"id":42988,"href":"https:\/\/yrskincare.com\/en\/wp-json\/wp\/v2\/pages\/42985\/revisions\/42988"}],"wp:attachment":[{"href":"https:\/\/yrskincare.com\/en\/wp-json\/wp\/v2\/media?parent=42985"}],"curies":[{"name":"wp","href":"https:\/\/api.w.org\/{rel}","templated":true}]}}