{"id":43059,"date":"2022-09-06T08:52:33","date_gmt":"2022-09-06T06:52:33","guid":{"rendered":"https:\/\/yrskincare.com\/produkt\/yr-startkit-1\/"},"modified":"2022-09-06T08:52:33","modified_gmt":"2022-09-06T06:52:33","slug":"yr-startkit-1","status":"publish","type":"product","link":"https:\/\/yrskincare.com\/en\/product\/yr-startkit-1\/","title":{"rendered":"YR Starter Kit 1"},"content":{"rendered":"<p>YR STARTER KIT (1)<\/p>\n<p><strong>F\u00d6R:<\/strong>\u00a0Normal och K\u00e4nslig hud\u00a0<strong>TYP:<\/strong>\u00a0Normal hy,\u00a0Torr hy<\/p>\n<p>Start kit f\u00f6r dig som vill testa v\u00e5ra produkter f\u00f6r f\u00f6rsta g\u00e5ngen. Vardagsbruk och sm\u00e5 enkla behandlingar hemma. I detta kit ing\u00e5r reng\u00f6ring, ansiktsvatten, serum och fuktkr\u00e4m. Med dessa 4 st produkter ger det dig m\u00f6jligheten att k\u00e4nna p\u00e5 v\u00e5r lyxiga hudv\u00e5rds serie f\u00f6r att f\u00e5 det b\u00e4sta resultatet f\u00f6r din hud. Grunden f\u00f6r en bra hudv\u00e5rds rutin.<\/p>\n<p><strong>7130 &#8211; Shower Foam 200 ml: <\/strong>Lyxigt skummande foam att tv\u00e4tta hela kroppen med \u00e4ven ansiktet som en reng\u00f6ring (extra effektiv vid makeup) gl\u00f6m inte ansiktsvatten. Ansiktsvatten alltid efter reng\u00f6ring av ansiktet. K\u00e4nn den ljuva doften av den mjuka foamen som fungerar till mycket. Torkar inte ut huden som en vanlig duschtv\u00e5l, reng\u00f6ring eller gel tv\u00e5l kan g\u00f6ra och den \u00e4r mycket dryg. Testa \u00e4ven att anv\u00e4nda vid rakning till benen, under armarna eller bikinilinjen.<\/p>\n<p><strong>7104 &#8211; Lemon Facial Water 200 ml:\u00a0<\/strong>Produkten har en praktisk pump det g\u00f6r att du kan anv\u00e4nda den p\u00e5 flera s\u00e4tt. Som &#8220;ansiktsvatten&#8221; g\u00e4rna som en Face Mist efter att du lagt en snygg makeup eller bara som extra fukt och uppfr\u00e4schning under dagen. Magisk mild citrondoft. <strong>T\u00e4nk p\u00e5:<\/strong>\u00a0 Att vanligt vatten fr\u00e5n v\u00e5ra kranar inneh\u00e5ller ofta mycket kalk och kan d\u00e5 torka ut huden, vilket g\u00f6r att ansiktsvattnets betydelse \u00e4r mycket viktigare \u00e4n vad m\u00e5nga tror. Det g\u00e4ller att f\u00e5 bort \u00e4ven kalken fr\u00e5n huden, s\u00e5 att hudytan blir s\u00e5 ren och \u00e5terfuktad som m\u00f6jligt.<\/p>\n<p><strong>7107 &#8211; Multi-Lift Facial Serum 20 ml: <\/strong>Ett ansiktsserum f\u00f6r den som vill ha en rej\u00e4l \u201dfuktboost\u201d som hj\u00e4lper huden att miniminera linjer och ger snabbt resultat. Serumet inneh\u00e5ller b\u00e5de en rad aktiva h\u00f6gteknologiska ingredienser och naturligt extrakt fr\u00e5n hjortron. Hjortron besitter dessutom anti-age egenskaper p\u00e5 grund av fukt. Serumet anv\u00e4nds b\u00e4st under en ansiktskr\u00e4m. Serumet har en praktisk pipett som \u00e4r enkel att hantera. Otroligt drygt produkt, f\u00e5 droppar beh\u00f6vs f\u00f6r hela ansiktet.<\/p>\n<p><strong>7108 &#8211; Multi-Nutrient Facial Cream 60 ml: <\/strong>Multi-intensiv rik kr\u00e4m f\u00f6r &#8220;normal torr&#8221;, torr och k\u00e4nslig hud. Inneh\u00e5ller n\u00e4ringsrika och mjukg\u00f6rande naturliga oljor fr\u00e5n bl\u00e5b\u00e4r, lingonfr\u00f6, hjortron och avokado samt organiskt Shea-sm\u00f6r. \u00c4ven utvecklad f\u00f6r att lugna reaktionsk\u00e4nslig hud. Kan anv\u00e4ndas b\u00e5de dag som natt och \u00e4r f\u00f6rpackad i en smidig tub, l\u00e4tt att f\u00e5 ut kr\u00e4men.<\/p>\n<p>L\u00e4s mer om respektive produkt, anv\u00e4ndning och tips i shoppen.<\/p>\n","protected":false},"excerpt":{"rendered":"<p>YR STARTER KIT (1) F\u00d6R:\u00a0Normal och K\u00e4nslig hud\u00a0TYP:\u00a0Normal hy,\u00a0Torr hy Start kit f\u00f6r dig som vill testa v\u00e5ra produkter f\u00f6r f\u00f6rsta g\u00e5ngen. Vardagsbruk och sm\u00e5 enkla behandlingar hemma. I detta kit ing\u00e5r reng\u00f6ring, ansiktsvatten, serum och fuktkr\u00e4m. Med dessa 4 st produkter ger det dig m\u00f6jligheten att k\u00e4nna p\u00e5 v\u00e5r lyxiga hudv\u00e5rds serie f\u00f6r att [&hellip;]<\/p>\n","protected":false},"featured_media":0,"comment_status":"open","ping_status":"closed","template":"","meta":{"_acf_changed":false},"product_cat":[289],"product_tag":[],"giftcard-category":[],"acf":[],"_links":{"self":[{"href":"https:\/\/yrskincare.com\/en\/wp-json\/wp\/v2\/product\/43059"}],"collection":[{"href":"https:\/\/yrskincare.com\/en\/wp-json\/wp\/v2\/product"}],"about":[{"href":"https:\/\/yrskincare.com\/en\/wp-json\/wp\/v2\/types\/product"}],"replies":[{"embeddable":true,"href":"https:\/\/yrskincare.com\/en\/wp-json\/wp\/v2\/comments?post=43059"}],"wp:attachment":[{"href":"https:\/\/yrskincare.com\/en\/wp-json\/wp\/v2\/media?parent=43059"}],"wp:term":[{"taxonomy":"product_cat","embeddable":true,"href":"https:\/\/yrskincare.com\/en\/wp-json\/wp\/v2\/product_cat?post=43059"},{"taxonomy":"product_tag","embeddable":true,"href":"https:\/\/yrskincare.com\/en\/wp-json\/wp\/v2\/product_tag?post=43059"},{"taxonomy":"giftcard-category","embeddable":true,"href":"https:\/\/yrskincare.com\/en\/wp-json\/wp\/v2\/giftcard-category?post=43059"}],"curies":[{"name":"wp","href":"https:\/\/api.w.org\/{rel}","templated":true}]}}